{"id":546,"date":"2015-11-05T06:03:59","date_gmt":"2015-11-05T06:03:59","guid":{"rendered":"http:\/\/motors.stylemixthemes.com\/demo\/?page_id=546"},"modified":"2020-03-05T15:46:13","modified_gmt":"2020-03-05T15:46:13","slug":"service","status":"publish","type":"page","link":"https:\/\/lavadoautomocion.com\/?page_id=546","title":{"rendered":"Service"},"content":{"rendered":"<p>[vc_row css=\u00bb.vc_custom_1446724724284{margin-top: 33px !important;margin-bottom: 42px !important;}\u00bb][vc_column width=\u00bb2\/3&#8243; css=\u00bb.vc_custom_1446724718390{margin-bottom: 42px !important;}\u00bb][vc_column_text css=\u00bb.vc_custom_1583265199930{margin-bottom: 24px !important;}\u00bb]<\/p>\n<h2><span style=\"color: #cc6119;\">LAVADO AUTOMOCI\u00d3N<\/span>\u00a0SERVICIOS<\/h2>\n<p>[\/vc_column_text][vc_column_text css=\u00bb.vc_custom_1583265382118{margin-bottom: 31px !important;padding-left: 2px !important;}\u00bb]Contacte con nuestro servicio de taller para programar el mantenimiento de su veh\u00edculo de una manera r\u00e1pida y eficaz, todo sin largas esperas ni tramites absurdos, nuestros expertos le dir\u00e1n lo mas recomendable para la vida util de su veh\u00edculo.[\/vc_column_text][vc_custom_heading text=\u00bbOTROS SERVICIOS INCLUIDOS.\u00bb font_container=\u00bbtag:h4|text_align:left\u00bb use_theme_fonts=\u00bbyes\u00bb css=\u00bb.vc_custom_1583265399360{margin-bottom: 20px !important;}\u00bb][vc_row_inner css=\u00bb.vc_custom_1446703897866{margin-bottom: 30px !important;}\u00bb][vc_column_inner width=\u00bb1\/2&#8243;][vc_column_text]<\/p>\n<ul class=\"list-style-1\">\n<li>Reparaciones en general del automovil<\/li>\n<li>Mantenimiento preventivo<\/li>\n<li>Aire acondicionado y clima.<\/li>\n<li>Audio y Electr\u00f3nica en general<\/li>\n<li>Tratamientos de combustible y limpiezas de sistemas antipoluci\u00f3n.<\/li>\n<\/ul>\n<p>[\/vc_column_text][\/vc_column_inner][vc_column_inner width=\u00bb1\/2&#8243;][vc_column_text]<\/p>\n<ul class=\"list-style-1\">\n<li>Cambiso de filtros<\/li>\n<li>Reparacion y sustituci\u00f3n de frenos.<\/li>\n<li>Diagnosis<\/li>\n<li>Liquidos, y otros sistemas<\/li>\n<li>Servicios de transmision.<\/li>\n<\/ul>\n<p>[\/vc_column_text][\/vc_column_inner][\/vc_row_inner][vc_column_text css=\u00bb.vc_custom_1583265621900{padding-left: 2px !important;}\u00bb]Ahorre tiempo programando su cita al taller, ablanos por el formulario de la web e indique nos que quiere solicitar una cita en taller y el motivo, le contestaremos lo antes posible.[\/vc_column_text][\/vc_column][vc_column width=\u00bb1\/3&#8243; css=\u00bb.vc_custom_1446703675847{margin-top: 13px !important;}\u00bb][vc_single_image image=\u00bb1308,1308,1308,1308&#8243; img_size=\u00bb350&#215;205&#8243; stm_fancybox=\u00bbyes\u00bb css=\u00bb.vc_custom_1446726476326{margin-bottom: 25px !important;}\u00bb][vc_single_image image=\u00bb1308,1308,1308,1308&#8243; img_size=\u00bb350&#215;205&#8243; stm_fancybox=\u00bbyes\u00bb][\/vc_column][\/vc_row][vc_row stm_fullwidth=\u00bbyes\u00bb blackout_opacity=\u00bb80&#8243; css=\u00bb.vc_custom_1449308808752{margin-bottom: 75px !important;padding-top: 39px !important;padding-bottom: 68px !important;background-image: url(http:\/\/motors.stylemixthemes.com\/demo\/wp-content\/uploads\/2015\/12\/placeholder.gif?id=914) !important;}\u00bb][vc_column width=\u00bb1\/3&#8243;][stm_icon_box title_holder=\u00bbh4&#8243; icon=\u00bbstm-icon-oil-add\u00bb title=\u00bbCambios de aceites y filtros\u00bb box_text_color=\u00bb#ffffff\u00bb box_bg_color=\u00bbrgba(255,255,255,0.01)\u00bb icon_size=\u00bb20&#8243; css=\u00bb.vc_custom_1583422966937{padding-right: 0px !important;padding-bottom: 0px !important;padding-left: 0px !important;}\u00bb css_icon=\u00bb.vc_custom_1583422966934{margin-top: 1px !important;margin-right: 21px !important;padding-top: 18px !important;padding-right: 4px !important;padding-bottom: 15px !important;padding-left: 6px !important;}\u00bb icon_bg_color=\u00bb#f2b930&#8243; box_text_color_hover=\u00bb#ffffff\u00bb icon_color=\u00bb#ffffff\u00bb][\/stm_icon_box][stm_icon_box title_holder=\u00bbh4&#8243; icon=\u00bbstm-icon-brake\u00bb title=\u00bbSistemas de frenos.\u00bb box_text_color=\u00bb#ffffff\u00bb box_bg_color=\u00bbrgba(255,255,255,0.01)\u00bb icon_size=\u00bb36&#8243; css=\u00bb.vc_custom_1583422990886{padding-right: 0px !important;padding-bottom: 0px !important;padding-left: 0px !important;}\u00bb css_icon=\u00bb.vc_custom_1583422990883{margin-top: 1px !important;margin-right: 21px !important;padding-top: 10px !important;padding-right: 10px !important;padding-bottom: 10px !important;padding-left: 11px !important;}\u00bb icon_bg_color=\u00bb#ef2929&#8243; box_text_color_hover=\u00bb#ffffff\u00bb icon_color=\u00bb#ffffff\u00bb][\/stm_icon_box][\/vc_column][vc_column width=\u00bb1\/3&#8243;][stm_icon_box title_holder=\u00bbh4&#8243; icon=\u00bbstm-icon-air_conditioning\u00bb title=\u00bbAire acondicionado\u00bb box_text_color=\u00bb#ffffff\u00bb box_bg_color=\u00bbrgba(255,255,255,0.01)\u00bb icon_size=\u00bb36&#8243; css=\u00bb.vc_custom_1583423006278{padding-right: 0px !important;padding-bottom: 0px !important;padding-left: 0px !important;}\u00bb css_icon=\u00bb.vc_custom_1583423006275{margin-top: 1px !important;margin-right: 21px !important;padding-top: 10px !important;padding-right: 12px !important;padding-bottom: 10px !important;padding-left: 12px !important;}\u00bb icon_bg_color=\u00bb#6c98e1&#8243; box_text_color_hover=\u00bb#ffffff\u00bb icon_color=\u00bb#ffffff\u00bb][\/stm_icon_box][stm_icon_box title_holder=\u00bbh4&#8243; icon=\u00bbstm-icon-transmission\u00bb title=\u00bbTransmision y Motor\u00bb box_text_color=\u00bb#ffffff\u00bb box_bg_color=\u00bbrgba(255,255,255,0.01)\u00bb icon_size=\u00bb36&#8243; css=\u00bb.vc_custom_1583423021637{padding-right: 0px !important;padding-bottom: 0px !important;padding-left: 0px !important;}\u00bb css_icon=\u00bb.vc_custom_1583423021634{margin-top: 1px !important;margin-right: 21px !important;padding-top: 10px !important;padding-right: 9px !important;padding-bottom: 10px !important;padding-left: 11px !important;}\u00bb icon_bg_color=\u00bb#44a8b4&#8243; box_text_color_hover=\u00bb#ffffff\u00bb icon_color=\u00bb#ffffff\u00bb][\/stm_icon_box][\/vc_column][vc_column width=\u00bb1\/3&#8243;][stm_icon_box title_holder=\u00bbh4&#8243; icon=\u00bbstm-icon-auto_electric\u00bb title=\u00bbElectricidad del automovil\u00bb box_text_color=\u00bb#ffffff\u00bb box_bg_color=\u00bbrgba(255,255,255,0.01)\u00bb icon_size=\u00bb37&#8243; css=\u00bb.vc_custom_1583423039710{padding-right: 0px !important;padding-bottom: 0px !important;padding-left: 0px !important;}\u00bb css_icon=\u00bb.vc_custom_1583423039707{margin-top: 1px !important;margin-right: 21px !important;padding-top: 7px !important;padding-right: 12px !important;padding-bottom: 13px !important;padding-left: 12px !important;}\u00bb icon_bg_color=\u00bb#d93ad0&#8243; box_text_color_hover=\u00bb#ffffff\u00bb icon_color=\u00bb#ffffff\u00bb][\/stm_icon_box][stm_icon_box title_holder=\u00bbh4&#8243; icon=\u00bbstm-icon-Tire_Wheel\u00bb title=\u00bbNeum\u00e1ticos\u00bb box_text_color=\u00bb#ffffff\u00bb box_bg_color=\u00bbrgba(255,255,255,0.01)\u00bb icon_size=\u00bb34&#8243; css=\u00bb.vc_custom_1583423062247{padding-right: 0px !important;padding-bottom: 0px !important;padding-left: 0px !important;}\u00bb css_icon=\u00bb.vc_custom_1583423062244{margin-top: 1px !important;margin-right: 21px !important;padding-top: 11px !important;padding-right: 6px !important;padding-bottom: 11px !important;padding-left: 7px !important;}\u00bb icon_bg_color=\u00bb#17c655&#8243; box_text_color_hover=\u00bb#ffffff\u00bb icon_color=\u00bb#ffffff\u00bb][\/stm_icon_box][\/vc_column][\/vc_row][vc_row css=\u00bb.vc_custom_1446724488622{margin-bottom: 28px !important;}\u00bb][vc_column width=\u00bb2\/3&#8243; css=\u00bb.vc_custom_1446723952022{margin-bottom: 45px !important;}\u00bb][vc_custom_heading text=\u00bbHORARIOS DE SERVICIO\u00bb font_container=\u00bbtag:h3|text_align:left\u00bb use_theme_fonts=\u00bbyes\u00bb][vc_separator css=\u00bb.vc_custom_1446719521258{margin-top: 24px !important;margin-bottom: 24px !important;}\u00bb]<div role=\"form\" class=\"wpcf7\" id=\"wpcf7-f587-o1\" lang=\"en-US\" dir=\"ltr\">\n<div class=\"screen-reader-response\"><\/div>\n<form action=\"\/index.php?rest_route=%2Fwp%2Fv2%2Fpages%2F546#wpcf7-f587-o1\" method=\"post\" class=\"wpcf7-form\" novalidate=\"novalidate\">\n<div style=\"display: none;\">\n<input type=\"hidden\" name=\"_wpcf7\" value=\"587\" \/>\n<input type=\"hidden\" name=\"_wpcf7_version\" value=\"5.1.6\" \/>\n<input type=\"hidden\" name=\"_wpcf7_locale\" value=\"en_US\" \/>\n<input type=\"hidden\" name=\"_wpcf7_unit_tag\" value=\"wpcf7-f587-o1\" \/>\n<input type=\"hidden\" name=\"_wpcf7_container_post\" value=\"0\" \/>\n<\/div>\n<div class=\"row stm-forms-sm\">\n<div class=\"col-md-4 col-sm-4\">\n<div class=\"form-group\">\n<div class=\"form-label-small\">Nombre<\/div>\n<p>         <span class=\"wpcf7-form-control-wrap your-name\"><input type=\"text\" name=\"your-name\" value=\"\" size=\"40\" class=\"wpcf7-form-control wpcf7-text wpcf7-validates-as-required\" aria-required=\"true\" aria-invalid=\"false\" \/><\/span>\n       <\/p><\/div><\/div>\n<div class=\"col-md-4 col-sm-4\">\n<div class=\"form-group\">\n<div class=\"form-label-small\">Email<\/div>\n<p>         <span class=\"wpcf7-form-control-wrap your-email\"><input type=\"email\" name=\"your-email\" value=\"\" size=\"40\" class=\"wpcf7-form-control wpcf7-text wpcf7-email wpcf7-validates-as-required wpcf7-validates-as-email\" aria-required=\"true\" aria-invalid=\"false\" \/><\/span>\n       <\/p><\/div><\/div>\n<div class=\"col-md-4 col-sm-4\">\n<div class=\"form-group\">\n<div class=\"form-label-small\">Telefono<\/div>\n<p>         <span class=\"wpcf7-form-control-wrap your-tel\"><input type=\"tel\" name=\"your-tel\" value=\"\" size=\"40\" class=\"wpcf7-form-control wpcf7-text wpcf7-tel wpcf7-validates-as-required wpcf7-validates-as-tel\" aria-required=\"true\" aria-invalid=\"false\" \/><\/span>\n       <\/p><\/div><\/div>\n<\/div>\n<div class=\"row stm-forms-sm\">\n<div class=\"col-md-4 col-sm-4\">\n<div class=\"form-group\">\n<div class=\"form-label-small\">Veh\u00edculo<\/div>\n<p>         <span class=\"wpcf7-form-control-wrap make-model\"><input type=\"text\" name=\"make-model\" value=\"\" size=\"40\" class=\"wpcf7-form-control wpcf7-text wpcf7-validates-as-required\" aria-required=\"true\" aria-invalid=\"false\" \/><\/span>\n       <\/p><\/div><\/div>\n<div class=\"col-md-4 col-sm-4\">\n<div class=\"form-group\">\n<div class=\"form-label-small\">kms (opcional)<\/div>\n<p>         <span class=\"wpcf7-form-control-wrap mileage\"><input type=\"text\" name=\"mileage\" value=\"\" size=\"40\" class=\"wpcf7-form-control wpcf7-text\" aria-invalid=\"false\" \/><\/span>\n       <\/p><\/div><\/div>\n<div class=\"col-md-4 col-sm-4\">\n<div class=\"form-group\">\n<div class=\"form-label-small\">Fecha y hora elegida<\/div>\n<div class=\"stm-datepicker-input-icon\">\n\t    <span class=\"wpcf7-form-control-wrap time\"><input type=\"text\" name=\"time\" value=\"\" size=\"40\" class=\"wpcf7-form-control wpcf7-text wpcf7-validates-as-required stm-date-timepicker\" aria-required=\"true\" aria-invalid=\"false\" \/><\/span>\n\t <\/div><\/div><\/div>\n<\/div>\n<hr class=\"form-hr\"\/>\n<div class=\"row\">\n<div class=\"col-md-4 col-sm-4\">\n        <input type=\"submit\" value=\"Solicitar cita en taller\" class=\"wpcf7-form-control wpcf7-submit button-fluid\" \/>\n    <\/div>\n<div class=\"col-md-8 col-sm-8\">\n<div class=\"stm-form-alert\">\n          Al enviar este formulario, programar\u00e1 una cita de servicio sin compromiso y uno de nuestros trabajadores se comunicar\u00e1 con usted dentro de las 48 horas.\n       <\/div><\/div>\n<\/div>\n<div class=\"wpcf7-response-output wpcf7-display-none\"><\/div><\/form><\/div>[\/vc_column][vc_column width=\u00bb1\/3&#8243;][stm_working_days title=\u00bbHoras de trabajo \u00bb monday=\u00bb9:00 am -20.00 pm\u00bb tuesday=\u00bb9:00 am &#8211; 20.00 pm\u00bb wednesday=\u00bb9:00 am &#8211; 20.00 pm\u00bb thursday=\u00bb9:00 am &#8211; 20.00 pm\u00bb friday=\u00bb9:00 am &#8211; 20.00 pm\u00bb css=\u00bb.vc_custom_1583423133915{margin-top: 6px !important;}\u00bb][\/vc_column][\/vc_row][vc_row css=\u00bb.vc_custom_1446724426854{margin-bottom: 0px !important;}\u00bb][vc_column][stm_call_to_action_2 call_to_action_icon=\u00bbstm-icon-question\u00bb call_to_action_icon_right=\u00bbstm-icon-phone2&#8243; call_to_action_text_color=\u00bb#ffffff\u00bb call_to_action_label=\u00bbTienes alguna duda?\u00bf Ll\u00e1manos!!\u00bb call_to_action_label_right=\u00bb924114701&#8243;][\/vc_column][\/vc_row]<\/p>\n","protected":false},"excerpt":{"rendered":"<p>[vc_row css=\u00bb.vc_custom_1446724724284{margin-top: 33px !important;margin-bottom: 42px !important;}\u00bb][vc_column width=\u00bb2\/3&#8243; css=\u00bb.vc_custom_1446724718390{margin-bottom: 42px !important;}\u00bb][vc_column_text css=\u00bb.vc_custom_1583265199930{margin-bottom: 24px !important;}\u00bb] LAVADO AUTOMOCI\u00d3N\u00a0SERVICIOS [\/vc_column_text][vc_column_text css=\u00bb.vc_custom_1583265382118{margin-bottom: 31px !important;padding-left: 2px !important;}\u00bb]Contacte con nuestro servicio de taller para programar el mantenimiento de su veh\u00edculo de una manera r\u00e1pida y eficaz, todo sin largas esperas ni tramites absurdos, nuestros expertos le dir\u00e1n lo mas recomendable para la&#8230;<\/p>\n","protected":false},"author":1,"featured_media":0,"parent":0,"menu_order":0,"comment_status":"closed","ping_status":"closed","template":"","meta":[],"_links":{"self":[{"href":"https:\/\/lavadoautomocion.com\/index.php?rest_route=\/wp\/v2\/pages\/546"}],"collection":[{"href":"https:\/\/lavadoautomocion.com\/index.php?rest_route=\/wp\/v2\/pages"}],"about":[{"href":"https:\/\/lavadoautomocion.com\/index.php?rest_route=\/wp\/v2\/types\/page"}],"author":[{"embeddable":true,"href":"https:\/\/lavadoautomocion.com\/index.php?rest_route=\/wp\/v2\/users\/1"}],"replies":[{"embeddable":true,"href":"https:\/\/lavadoautomocion.com\/index.php?rest_route=%2Fwp%2Fv2%2Fcomments&post=546"}],"version-history":[{"count":3,"href":"https:\/\/lavadoautomocion.com\/index.php?rest_route=\/wp\/v2\/pages\/546\/revisions"}],"predecessor-version":[{"id":1521,"href":"https:\/\/lavadoautomocion.com\/index.php?rest_route=\/wp\/v2\/pages\/546\/revisions\/1521"}],"wp:attachment":[{"href":"https:\/\/lavadoautomocion.com\/index.php?rest_route=%2Fwp%2Fv2%2Fmedia&parent=546"}],"curies":[{"name":"wp","href":"https:\/\/api.w.org\/{rel}","templated":true}]}}